{"id":372,"date":"2025-11-25T20:56:13","date_gmt":"2025-11-25T20:56:13","guid":{"rendered":"https:\/\/jsp.valahia.ro\/?page_id=372"},"modified":"2025-11-25T21:05:42","modified_gmt":"2025-11-25T21:05:42","slug":"about-jsp","status":"publish","type":"page","link":"https:\/\/jsp.valahia.ro\/tr\/about-jsp\/","title":{"rendered":"JSP Hakk\u0131nda"},"content":{"rendered":"<div data-elementor-type=\"wp-page\" data-elementor-id=\"372\" class=\"elementor elementor-372\">\n\t\t\t\t<div class=\"elementor-element elementor-element-b1891a9 e-flex e-con-boxed e-con e-parent\" data-id=\"b1891a9\" data-element_type=\"container\" data-e-type=\"container\">\n\t\t\t\t\t<div class=\"e-con-inner\">\n\t\t\t\t<div class=\"elementor-element elementor-element-abe0881 elementor-widget elementor-widget-text-editor\" data-id=\"abe0881\" data-element_type=\"widget\" data-e-type=\"widget\" data-widget_type=\"text-editor.default\">\n\t\t\t\t\t\t\t\t\t<p><h4><strong>KreativEU Denetim Havuzu<\/strong><\/h4><p>akademik denetimi daha eri\u015filebilir, uluslararas\u0131 ve \u00f6\u011frenci odakl\u0131 hale getirmek i\u00e7in tasarlanm\u0131\u015f i\u015fbirli\u011fine dayal\u0131 bir platformdur. <\/p>T\u00fcm KreativEU ortak \u00fcniversitelerinden, her d\u00fczeyde (Lisans, Y\u00fcksek Lisans, Doktora ve Doktora Sonras\u0131) tez ve bitirme tezlerine ortak dan\u0131\u015fmanl\u0131k yapmaya istekli akademisyenleri bir araya getirerek ortak \u00f6\u011frenmeyi ve s\u0131n\u0131r \u00f6tesi i\u015fbirli\u011fini destekleyen bir a\u011f olu\u015fturur.<\/p>\n<h5><ul><li><span style=\"background-color: transparent;\">Bu Havuz Neden Var?<\/span><\/li><\/ul><\/h5>\n<p>\u00d6\u011frenciler, \u00f6zellikle farkl\u0131 bak\u0131\u015f a\u00e7\u0131lar\u0131 veya uluslararas\u0131 uzmanl\u0131k ararken, do\u011fru akademik rehberli\u011fi bulmakta genellikle zorluklarla kar\u015f\u0131la\u015f\u0131rlar. Avrupa \u00fcniversiteleri genelinde yap\u0131lan anketler \u00f6\u011frencilerin \u015fu hususlara \u00f6nem verdi\u011fini ortaya koymaktad\u0131r:<br>Akademik hedeflerine g\u00f6re uyarlanm\u0131\u015f ki\u015fiselle\u015ftirilmi\u015f g\u00f6zetim.<br>Hareketlilik ve k\u00fclt\u00fcrleraras\u0131 de\u011fi\u015fim i\u00e7in f\u0131rsatlar.<br>Nitelikli s\u00fcperviz\u00f6rlere \u015feffaf ve kolay eri\u015fim.<\/p>\n<p>S\u00fcpervizyon Havuzu, \u00f6\u011frencileri i\u015fbirli\u011fine dayal\u0131 e\u011fitime kendini adam\u0131\u015f akademisyenlerle bulu\u015fturan merkezi, aranabilir bir veri taban\u0131 sunarak bu ihtiya\u00e7lara yan\u0131t vermektedir.<\/p>\n<h5><ul><li>Burada Yapabilecekleriniz<\/li><\/ul><\/h5>\n<p>Denet\u00e7ileri kuruma, uzmanl\u0131k alan\u0131na, derece d\u00fczeyine veya isme g\u00f6re aray\u0131n.<br>Ara\u015ft\u0131rma ilgi alanlar\u0131n\u0131, \u00f6\u011fretim deneyimini ve s\u00fcpervizyon uygunlu\u011funu i\u00e7eren akademik profilleri ke\u015ffedin.<br>E\u011fitim vizyonunuzu payla\u015fan ve tez veya bitirme tezi s\u00fcrecinizde size rehberlik edebilecek akademisyenlerle ba\u011flant\u0131 kurun.<\/p>\n<h5><ul><li>Nas\u0131l \u00c7al\u0131\u015f\u0131r<\/li><\/ul><\/h5>\n<p>Platform basit ve sezgiseldir:<br>Ana sayfay\u0131 ziyaret edin ve arama filtrelerini kullan\u0131n.<br>KreativEU kurumlar\u0131ndaki akademisyenlerin profillerine g\u00f6z at\u0131n.<br>Ortak s\u00fcpervizyon ortakl\u0131\u011f\u0131n\u0131z\u0131 kurmaya ba\u015flamak i\u00e7in muhtemel s\u00fcperviz\u00f6rlerle ileti\u015fime ge\u00e7in.<\/p>\n<h5><ul><li>G\u00fcvenlik ve \u015eeffafl\u0131k<\/li><\/ul><\/h5>\n<p>Baz\u0131 bilgiler hassas ve g\u00fcvenli bir \u015fekilde Valahia T\u00e2rgovi\u0219te \u00dcniversitesi ve Tomar Politeknik \u00dcniversitesi depolar\u0131nda saklan\u0131rken, kamuya a\u00e7\u0131k akademik bilgiler \u015feffafl\u0131k ve i\u015fbirli\u011fi i\u00e7in https:\/\/jsp.valahia.ro adresinde yay\u0131nlanmaktad\u0131r. T\u00fcm veri i\u015fleme, gizlilik ve g\u00fcven sa\u011flayan GDPR d\u00fczenlemelerine uygundur.<\/p><p><br><h5><ul><li>B\u00fcy\u00fcyen Bir Topluluk<\/li><\/ul><\/h5><\/p><p>Veri taban\u0131 yeni akademisyenlerin kat\u0131l\u0131m\u0131na a\u00e7\u0131k tutularak s\u00fcrekli geni\u015fleme ve \u00e7e\u015fitlilik sa\u011flanmaktad\u0131r. Bu, \u00f6\u011frencilerin merkezde oldu\u011fu ve \u00f6\u011frenmenin s\u0131n\u0131rlar \u00f6tesinde ortak bir sorumluluk haline geldi\u011fi entegre e\u011fitime a\u00e7\u0131lan bir kap\u0131d\u0131r.<\/p>\t\t\t\t\t\t\t\t<\/div>\n\t\t\t\t\t<\/div>\n\t\t\t\t<\/div>\n\t\t\t\t<\/div>","protected":false},"excerpt":{"rendered":"<p>The KreativEU Supervision Pool is a collaborative platform designed to make academic supervision more accessible, international, and student-focused. It brings together academics from all KreativEU partner universities who are willing to co-supervise theses and dissertations at every level\u2014Bachelor, Master, Doctoral, and Postdoctoral\u2014creating a network that supports shared learning and cross-border cooperation. Why This Pool Exists? [&hellip;]<\/p>\n","protected":false},"author":1,"featured_media":0,"parent":0,"menu_order":0,"comment_status":"closed","ping_status":"closed","template":"","meta":{"_acf_changed":false,"footnotes":""},"class_list":["post-372","page","type-page","status-publish","hentry"],"acf":[],"_links":{"self":[{"href":"https:\/\/jsp.valahia.ro\/tr\/wp-json\/wp\/v2\/pages\/372","targetHints":{"allow":["GET"]}}],"collection":[{"href":"https:\/\/jsp.valahia.ro\/tr\/wp-json\/wp\/v2\/pages"}],"about":[{"href":"https:\/\/jsp.valahia.ro\/tr\/wp-json\/wp\/v2\/types\/page"}],"author":[{"embeddable":true,"href":"https:\/\/jsp.valahia.ro\/tr\/wp-json\/wp\/v2\/users\/1"}],"replies":[{"embeddable":true,"href":"https:\/\/jsp.valahia.ro\/tr\/wp-json\/wp\/v2\/comments?post=372"}],"version-history":[{"count":5,"href":"https:\/\/jsp.valahia.ro\/tr\/wp-json\/wp\/v2\/pages\/372\/revisions"}],"predecessor-version":[{"id":379,"href":"https:\/\/jsp.valahia.ro\/tr\/wp-json\/wp\/v2\/pages\/372\/revisions\/379"}],"wp:attachment":[{"href":"https:\/\/jsp.valahia.ro\/tr\/wp-json\/wp\/v2\/media?parent=372"}],"curies":[{"name":"wp","href":"https:\/\/api.w.org\/{rel}","templated":true}]}}