{"id":372,"date":"2025-11-25T20:56:13","date_gmt":"2025-11-25T20:56:13","guid":{"rendered":"https:\/\/jsp.valahia.ro\/?page_id=372"},"modified":"2025-11-25T21:05:42","modified_gmt":"2025-11-25T21:05:42","slug":"about-jsp","status":"publish","type":"page","link":"https:\/\/jsp.valahia.ro\/sv\/about-jsp\/","title":{"rendered":"Om JSP"},"content":{"rendered":"<div data-elementor-type=\"wp-page\" data-elementor-id=\"372\" class=\"elementor elementor-372\">\n\t\t\t\t<div class=\"elementor-element elementor-element-b1891a9 e-flex e-con-boxed e-con e-parent\" data-id=\"b1891a9\" data-element_type=\"container\" data-e-type=\"container\">\n\t\t\t\t\t<div class=\"e-con-inner\">\n\t\t\t\t<div class=\"elementor-element elementor-element-abe0881 elementor-widget elementor-widget-text-editor\" data-id=\"abe0881\" data-element_type=\"widget\" data-e-type=\"widget\" data-widget_type=\"text-editor.default\">\n\t\t\t\t\t\t\t\t\t<p><h4><strong>KreativEU:s tillsynspool<\/strong><\/h4><p>\u00e4r en samarbetsplattform som \u00e4r utformad f\u00f6r att g\u00f6ra akademisk handledning mer tillg\u00e4nglig, internationell och studentfokuserad. <\/p>Det samlar akademiker fr\u00e5n alla KreativEU-partneruniversitet som \u00e4r villiga att handleda uppsatser och avhandlingar p\u00e5 alla niv\u00e5er - kandidat-, master-, doktorand- och postdoktoral niv\u00e5 - och skapar ett n\u00e4tverk som st\u00f6der delat l\u00e4rande och gr\u00e4ns\u00f6verskridande samarbete.<\/p>\n<h5><ul><li><span style=\"background-color: transparent;\">Varf\u00f6r finns denna pool?<\/span><\/li><\/ul><\/h5>\n<p>Studenter st\u00e5r ofta inf\u00f6r utmaningar n\u00e4r det g\u00e4ller att hitta r\u00e4tt akademisk v\u00e4gledning, s\u00e4rskilt n\u00e4r de s\u00f6ker olika perspektiv eller internationell expertis. Unders\u00f6kningar vid europeiska universitet visar att studenterna v\u00e4rdes\u00e4tter:<br>Personlig handledning som \u00e4r skr\u00e4ddarsydd f\u00f6r deras akademiska m\u00e5l.<br>M\u00f6jligheter till r\u00f6rlighet och interkulturellt utbyte.<br>Transparent och enkel tillg\u00e5ng till kvalificerade handledare.<\/p>\n<p>Supervision Pool svarar p\u00e5 dessa behov genom att erbjuda en centraliserad, s\u00f6kbar databas som kopplar samman studenter med akademiker som \u00e4r engagerade i utbildningssamarbete.<\/p>\n<h5><ul><li>Vad du kan g\u00f6ra h\u00e4r<\/li><\/ul><\/h5>\n<p>S\u00f6k efter handledare p\u00e5 institution, kompetensomr\u00e5de, examensniv\u00e5 eller namn.<br>Utforska akademiska profiler som inkluderar forskningsintressen, undervisningserfarenhet och tillg\u00e4nglighet f\u00f6r handledning.<br>Ta kontakt med akademiker som delar din utbildningsvision och som kan v\u00e4gleda dig genom din uppsats eller avhandling.<\/p>\n<h5><ul><li>Hur det fungerar<\/li><\/ul><\/h5>\n<p>Plattformen \u00e4r enkel och intuitiv:<br>Bes\u00f6k hemsidan och anv\u00e4nd s\u00f6kfiltren.<br>Bl\u00e4ddra bland profiler f\u00f6r akademiker vid KreativEU:s institutioner.<br>Kontakta potentiella handledare f\u00f6r att b\u00f6rja bygga upp ert partnerskap f\u00f6r gemensam handledning.<\/p>\n<h5><ul><li>S\u00e4kerhet och transparens<\/li><\/ul><\/h5>\n<p>\u00c4ven om viss information \u00e4r k\u00e4nslig och lagras s\u00e4kert i arkiv hos Valahia University of T\u00e2rgovi\u0219te och Polytechnic University of Tomar, publiceras offentliga akademiska uppgifter p\u00e5 https:\/\/jsp.valahia.ro f\u00f6r \u00f6ppenhet och samarbete. All datahantering f\u00f6ljer GDPR-reglerna, vilket s\u00e4kerst\u00e4ller integritet och f\u00f6rtroende.<\/p><p><br><h5><ul><li>En v\u00e4xande gemenskap<\/li><\/ul><\/h5><\/p><p>Databasen \u00e4r \u00f6ppen f\u00f6r nya akademiker som vill ansluta sig, vilket s\u00e4kerst\u00e4ller kontinuerlig expansion och m\u00e5ngfald. Detta \u00e4r en ink\u00f6rsport till integrerad utbildning, d\u00e4r studenterna st\u00e5r i centrum och l\u00e4randet blir ett delat ansvar \u00f6ver gr\u00e4nserna.<\/p>\t\t\t\t\t\t\t\t<\/div>\n\t\t\t\t\t<\/div>\n\t\t\t\t<\/div>\n\t\t\t\t<\/div>","protected":false},"excerpt":{"rendered":"<p>The KreativEU Supervision Pool is a collaborative platform designed to make academic supervision more accessible, international, and student-focused. It brings together academics from all KreativEU partner universities who are willing to co-supervise theses and dissertations at every level\u2014Bachelor, Master, Doctoral, and Postdoctoral\u2014creating a network that supports shared learning and cross-border cooperation. Why This Pool Exists? [&hellip;]<\/p>\n","protected":false},"author":1,"featured_media":0,"parent":0,"menu_order":0,"comment_status":"closed","ping_status":"closed","template":"","meta":{"_acf_changed":false,"footnotes":""},"class_list":["post-372","page","type-page","status-publish","hentry"],"acf":[],"_links":{"self":[{"href":"https:\/\/jsp.valahia.ro\/sv\/wp-json\/wp\/v2\/pages\/372","targetHints":{"allow":["GET"]}}],"collection":[{"href":"https:\/\/jsp.valahia.ro\/sv\/wp-json\/wp\/v2\/pages"}],"about":[{"href":"https:\/\/jsp.valahia.ro\/sv\/wp-json\/wp\/v2\/types\/page"}],"author":[{"embeddable":true,"href":"https:\/\/jsp.valahia.ro\/sv\/wp-json\/wp\/v2\/users\/1"}],"replies":[{"embeddable":true,"href":"https:\/\/jsp.valahia.ro\/sv\/wp-json\/wp\/v2\/comments?post=372"}],"version-history":[{"count":5,"href":"https:\/\/jsp.valahia.ro\/sv\/wp-json\/wp\/v2\/pages\/372\/revisions"}],"predecessor-version":[{"id":379,"href":"https:\/\/jsp.valahia.ro\/sv\/wp-json\/wp\/v2\/pages\/372\/revisions\/379"}],"wp:attachment":[{"href":"https:\/\/jsp.valahia.ro\/sv\/wp-json\/wp\/v2\/media?parent=372"}],"curies":[{"name":"wp","href":"https:\/\/api.w.org\/{rel}","templated":true}]}}