{"id":372,"date":"2025-11-25T20:56:13","date_gmt":"2025-11-25T20:56:13","guid":{"rendered":"https:\/\/jsp.valahia.ro\/?page_id=372"},"modified":"2025-11-25T21:05:42","modified_gmt":"2025-11-25T21:05:42","slug":"about-jsp","status":"publish","type":"page","link":"https:\/\/jsp.valahia.ro\/sk\/about-jsp\/","title":{"rendered":"O spolo\u010dnosti JSP"},"content":{"rendered":"<div data-elementor-type=\"wp-page\" data-elementor-id=\"372\" class=\"elementor elementor-372\">\n\t\t\t\t<div class=\"elementor-element elementor-element-b1891a9 e-flex e-con-boxed e-con e-parent\" data-id=\"b1891a9\" data-element_type=\"container\" data-e-type=\"container\">\n\t\t\t\t\t<div class=\"e-con-inner\">\n\t\t\t\t<div class=\"elementor-element elementor-element-abe0881 elementor-widget elementor-widget-text-editor\" data-id=\"abe0881\" data-element_type=\"widget\" data-e-type=\"widget\" data-widget_type=\"text-editor.default\">\n\t\t\t\t\t\t\t\t\t<p><h4><strong>Skupina doh\u013eadu KreativEU<\/strong><\/h4><p>je platforma na spolupr\u00e1cu, ktorej cie\u013eom je spr\u00edstupni\u0165 akademick\u00fd doh\u013ead, zv\u00fd\u0161i\u0165 jeho medzin\u00e1rodnos\u0165 a orient\u00e1ciu na \u0161tudentov. <\/p>Zdru\u017euje akademick\u00fdch pracovn\u00edkov zo v\u0161etk\u00fdch partnersk\u00fdch univerz\u00edt KreativEU, ktor\u00ed s\u00fa ochotn\u00ed spolo\u010dne vies\u0165 diplomov\u00e9 a dizerta\u010dn\u00e9 pr\u00e1ce na v\u0161etk\u00fdch \u00farovniach - bakal\u00e1rskej, magisterskej, doktorandskej a postdoktorandskej - a vytv\u00e1ra tak sie\u0165, ktor\u00e1 podporuje spolo\u010dn\u00e9 vzdel\u00e1vanie a cezhrani\u010dn\u00fa spolupr\u00e1cu.<\/p>\n<h5><ul><li><span style=\"background-color: transparent;\">Pre\u010do tento baz\u00e9n existuje?<\/span><\/li><\/ul><\/h5>\n<p>\u0160tudenti \u010dasto \u010delia probl\u00e9mom pri h\u013eadan\u00ed spr\u00e1vneho akademick\u00e9ho vedenia, najm\u00e4 ak h\u013eadaj\u00fa r\u00f4zne perspekt\u00edvy alebo medzin\u00e1rodn\u00e9 odborn\u00e9 znalosti. Prieskumy na eur\u00f3pskych univerzit\u00e1ch ukazuj\u00fa, \u017ee \u0161tudenti si cenia:<br>Individu\u00e1lny doh\u013ead prisp\u00f4soben\u00fd ich akademick\u00fdm cie\u013eom.<br>Pr\u00edle\u017eitosti na mobilitu a medzikult\u00farnu v\u00fdmenu.<br>Transparentn\u00fd a jednoduch\u00fd pr\u00edstup ku kvalifikovan\u00fdm ved\u00facim pracovn\u00edkom.<\/p>\n<p>Supervision Pool reaguje na tieto potreby t\u00fdm, \u017ee pon\u00faka centralizovan\u00fa datab\u00e1zu s mo\u017enos\u0165ou vyh\u013ead\u00e1vania, ktor\u00e1 sp\u00e1ja \u0161tudentov s akademick\u00fdmi pracovn\u00edkmi, ktor\u00ed sa venuj\u00fa spolo\u010dn\u00e9mu vzdel\u00e1vaniu.<\/p>\n<h5><ul><li>\u010co tu m\u00f4\u017eete urobi\u0165<\/li><\/ul><\/h5>\n<p>Vyh\u013eadajte nadriaden\u00fdch pod\u013ea in\u0161tit\u00facie, odbornej oblasti, stup\u0148a vzdelania alebo mena.<br>Presk\u00famajte akademick\u00e9 profily, ktor\u00e9 zah\u0155\u0148aj\u00fa v\u00fdskumn\u00e9 z\u00e1ujmy, pedagogick\u00e9 sk\u00fasenosti a mo\u017enosti doh\u013eadu.<br>Spojte sa s akademick\u00fdmi pracovn\u00edkmi, ktor\u00ed zdie\u013eaj\u00fa va\u0161e predstavy o vzdel\u00e1van\u00ed a m\u00f4\u017eu v\u00e1s vies\u0165 pri p\u00edsan\u00ed diplomovej alebo dizerta\u010dnej pr\u00e1ce.<\/p>\n<h5><ul><li>Ako to funguje<\/li><\/ul><\/h5>\n<p>Platforma je jednoduch\u00e1 a intuit\u00edvna:<br>Nav\u0161t\u00edvte domovsk\u00fa str\u00e1nku a pou\u017eite vyh\u013ead\u00e1vacie filtre.<br>Prezrite si profily akademick\u00fdch pracovn\u00edkov v in\u0161tit\u00faci\u00e1ch KreativEU.<br>Kontaktujte potenci\u00e1lnych superv\u00edzorov a za\u010dnite budova\u0165 partnerstvo v r\u00e1mci spolo\u010dnej superv\u00edzie.<\/p>\n<h5><ul><li>Bezpe\u010dnos\u0165 a transparentnos\u0165<\/li><\/ul><\/h5>\n<p>Zatia\u013e \u010do niektor\u00e9 inform\u00e1cie s\u00fa citliv\u00e9 a bezpe\u010dne ulo\u017een\u00e9 v repozit\u00e1roch Vala\u0161skej univerzity v T\u00e2rgovi\u0219te a Polytechnickej univerzity v Tomare, verejn\u00e9 akademick\u00e9 \u00fadaje s\u00fa zverejnen\u00e9 na str\u00e1nke https:\/\/jsp.valahia.ro v z\u00e1ujme transparentnosti a spolupr\u00e1ce. V\u0161etka manipul\u00e1cia s \u00fadajmi je v s\u00falade s nariadeniami GDPR, \u010d\u00edm sa zabezpe\u010duje s\u00fakromie a d\u00f4vera.<\/p><p><br><h5><ul><li>Rast\u00face spolo\u010denstvo<\/li><\/ul><\/h5><\/p><p>Datab\u00e1za je na\u010falej otvoren\u00e1 pre nov\u00fdch akademick\u00fdch pracovn\u00edkov, \u010d\u00edm sa zabezpe\u010duje jej neust\u00e1le roz\u0161irovanie a rozmanitos\u0165. Je to br\u00e1na k integrovan\u00e9mu vzdel\u00e1vaniu, kde s\u00fa v centre \u0161tudenti a u\u010denie sa st\u00e1va spolo\u010dnou zodpovednos\u0165ou presahuj\u00facou hranice.<\/p>\t\t\t\t\t\t\t\t<\/div>\n\t\t\t\t\t<\/div>\n\t\t\t\t<\/div>\n\t\t\t\t<\/div>","protected":false},"excerpt":{"rendered":"<p>The KreativEU Supervision Pool is a collaborative platform designed to make academic supervision more accessible, international, and student-focused. It brings together academics from all KreativEU partner universities who are willing to co-supervise theses and dissertations at every level\u2014Bachelor, Master, Doctoral, and Postdoctoral\u2014creating a network that supports shared learning and cross-border cooperation. Why This Pool Exists? [&hellip;]<\/p>\n","protected":false},"author":1,"featured_media":0,"parent":0,"menu_order":0,"comment_status":"closed","ping_status":"closed","template":"","meta":{"_acf_changed":false,"footnotes":""},"class_list":["post-372","page","type-page","status-publish","hentry"],"acf":[],"_links":{"self":[{"href":"https:\/\/jsp.valahia.ro\/sk\/wp-json\/wp\/v2\/pages\/372","targetHints":{"allow":["GET"]}}],"collection":[{"href":"https:\/\/jsp.valahia.ro\/sk\/wp-json\/wp\/v2\/pages"}],"about":[{"href":"https:\/\/jsp.valahia.ro\/sk\/wp-json\/wp\/v2\/types\/page"}],"author":[{"embeddable":true,"href":"https:\/\/jsp.valahia.ro\/sk\/wp-json\/wp\/v2\/users\/1"}],"replies":[{"embeddable":true,"href":"https:\/\/jsp.valahia.ro\/sk\/wp-json\/wp\/v2\/comments?post=372"}],"version-history":[{"count":5,"href":"https:\/\/jsp.valahia.ro\/sk\/wp-json\/wp\/v2\/pages\/372\/revisions"}],"predecessor-version":[{"id":379,"href":"https:\/\/jsp.valahia.ro\/sk\/wp-json\/wp\/v2\/pages\/372\/revisions\/379"}],"wp:attachment":[{"href":"https:\/\/jsp.valahia.ro\/sk\/wp-json\/wp\/v2\/media?parent=372"}],"curies":[{"name":"wp","href":"https:\/\/api.w.org\/{rel}","templated":true}]}}