{"id":372,"date":"2025-11-25T20:56:13","date_gmt":"2025-11-25T20:56:13","guid":{"rendered":"https:\/\/jsp.valahia.ro\/?page_id=372"},"modified":"2025-11-25T21:05:42","modified_gmt":"2025-11-25T21:05:42","slug":"about-jsp","status":"publish","type":"page","link":"https:\/\/jsp.valahia.ro\/ro\/about-jsp\/","title":{"rendered":"Despre JSP"},"content":{"rendered":"<div data-elementor-type=\"wp-page\" data-elementor-id=\"372\" class=\"elementor elementor-372\">\n\t\t\t\t<div class=\"elementor-element elementor-element-b1891a9 e-flex e-con-boxed e-con e-parent\" data-id=\"b1891a9\" data-element_type=\"container\" data-e-type=\"container\">\n\t\t\t\t\t<div class=\"e-con-inner\">\n\t\t\t\t<div class=\"elementor-element elementor-element-abe0881 elementor-widget elementor-widget-text-editor\" data-id=\"abe0881\" data-element_type=\"widget\" data-e-type=\"widget\" data-widget_type=\"text-editor.default\">\n\t\t\t\t\t\t\t\t\t<p><h4><strong>Grupul de supraveghere KreativEU<\/strong><\/h4><p>este o platform\u0103 de colaborare conceput\u0103 pentru a face supravegherea academic\u0103 mai accesibil\u0103, mai interna\u021bional\u0103 \u0219i mai orientat\u0103 c\u0103tre studen\u021bi. <\/p>Acesta reune\u0219te cadre didactice din toate universit\u0103\u021bile partenere KreativEU care sunt dispuse s\u0103 co-supravegheze teze \u0219i diserta\u021bii la fiecare nivel - licen\u021b\u0103, masterat, doctorat \u0219i postdoctorat - cre\u00e2nd o re\u021bea care sprijin\u0103 \u00eenv\u0103\u021barea \u00een comun \u0219i cooperarea transfrontalier\u0103.<\/p>\n<h5><ul><li><span style=\"background-color: transparent;\">De ce exist\u0103 aceast\u0103 Grupul de supraveghere comun?<\/span><\/li><\/ul><\/h5>\n<p>Studen\u021bii se confrunt\u0103 adesea cu provoc\u0103ri \u00een g\u0103sirea \u00eendrum\u0103rii academice potrivite, \u00een special atunci c\u00e2nd caut\u0103 perspective diverse sau expertiz\u0103 interna\u021bional\u0103. Sondajele efectuate \u00een universit\u0103\u021bile europene arat\u0103 c\u0103 studen\u021bii apreciaz\u0103:<br>supraveghere personalizat\u0103, adaptat\u0103 obiectivelor lor academice.<br>Oportunit\u0103\u021bi de mobilitate \u0219i schimb intercultural.<br>Acces transparent \u0219i u\u0219or la supraveghetori califica\u021bi.<\/p>\n<p>Supervision Pool r\u0103spunde acestor nevoi prin oferirea unei baze de date centralizate, \u00een care se pot face c\u0103ut\u0103ri, care pune \u00een leg\u0103tur\u0103 studen\u021bii cu cadrele didactice angajate \u00een educa\u021bia colaborativ\u0103.<\/p>\n<h5><ul><li>Ce pute\u021bi face aici<\/li><\/ul><\/h5>\n<p>C\u0103uta\u021bi supraveghetori dup\u0103 institu\u021bie, domeniu de expertiz\u0103, nivel de studii sau nume.<br>Explora\u021bi profilurile academice care includ interesele de cercetare, experien\u021ba didactic\u0103 \u0219i disponibilitatea de supraveghere.<br>Intra\u021bi \u00een contact cu profesori universitari care \u00eemp\u0103rt\u0103\u0219esc viziunea dvs. educa\u021bional\u0103 \u0219i care v\u0103 pot ghida \u00een procesul de elaborare a tezei sau diserta\u021biei.<\/p>\n<h5><ul><li>Cum func\u021bioneaz\u0103<\/li><\/ul><\/h5>\n<p>Platforma este simpl\u0103 \u0219i intuitiv\u0103:<br>Vizita\u021bi pagina de pornire \u0219i utiliza\u021bi filtrele de c\u0103utare.<br>R\u0103sfoi\u021bi profilurile cadrelor didactice din institu\u021biile KreativEU.<br>Contacta\u021bi supraveghetorii poten\u021biali pentru a \u00eencepe s\u0103 v\u0103 construi\u021bi parteneriatul de co-supraveghere.<\/p>\n<h5><ul><li>Securitate \u0219i transparen\u021b\u0103<\/li><\/ul><\/h5>\n<p>\u00cen timp ce unele informa\u021bii sunt sensibile \u0219i stocate \u00een siguran\u021b\u0103 \u00een depozitele Universit\u0103\u021bii Valahia din T\u00e2rgovi\u0219te \u0219i Universit\u0103\u021bii Politehnica din Tomar, detaliile academice publice sunt publicate pe https:\/\/jsp.valahia.ro pentru transparen\u021b\u0103 \u0219i colaborare. Toat\u0103 gestionarea datelor respect\u0103 reglement\u0103rile GDPR, asigur\u00e2nd confiden\u021bialitatea \u0219i \u00eencrederea.<\/p><p><br><h5><ul><li>O comunitate \u00een cre\u0219tere<\/li><\/ul><\/h5><\/p><p>Baza de date r\u0103m\u00e2ne deschis\u0103 pentru aderarea de noi cadre didactice, asigur\u00e2nd extinderea \u0219i diversitatea continue. Aceasta este o poart\u0103 c\u0103tre educa\u021bia integrat\u0103, \u00een care studen\u021bii sunt \u00een centrul aten\u021biei, iar \u00eenv\u0103\u021barea devine o responsabilitate comun\u0103, dincolo de frontiere.<\/p>\t\t\t\t\t\t\t\t<\/div>\n\t\t\t\t\t<\/div>\n\t\t\t\t<\/div>\n\t\t\t\t<\/div>","protected":false},"excerpt":{"rendered":"<p>The KreativEU Supervision Pool is a collaborative platform designed to make academic supervision more accessible, international, and student-focused. It brings together academics from all KreativEU partner universities who are willing to co-supervise theses and dissertations at every level\u2014Bachelor, Master, Doctoral, and Postdoctoral\u2014creating a network that supports shared learning and cross-border cooperation. Why This Pool Exists? [&hellip;]<\/p>\n","protected":false},"author":1,"featured_media":0,"parent":0,"menu_order":0,"comment_status":"closed","ping_status":"closed","template":"","meta":{"_acf_changed":false,"footnotes":""},"class_list":["post-372","page","type-page","status-publish","hentry"],"acf":[],"_links":{"self":[{"href":"https:\/\/jsp.valahia.ro\/ro\/wp-json\/wp\/v2\/pages\/372","targetHints":{"allow":["GET"]}}],"collection":[{"href":"https:\/\/jsp.valahia.ro\/ro\/wp-json\/wp\/v2\/pages"}],"about":[{"href":"https:\/\/jsp.valahia.ro\/ro\/wp-json\/wp\/v2\/types\/page"}],"author":[{"embeddable":true,"href":"https:\/\/jsp.valahia.ro\/ro\/wp-json\/wp\/v2\/users\/1"}],"replies":[{"embeddable":true,"href":"https:\/\/jsp.valahia.ro\/ro\/wp-json\/wp\/v2\/comments?post=372"}],"version-history":[{"count":5,"href":"https:\/\/jsp.valahia.ro\/ro\/wp-json\/wp\/v2\/pages\/372\/revisions"}],"predecessor-version":[{"id":379,"href":"https:\/\/jsp.valahia.ro\/ro\/wp-json\/wp\/v2\/pages\/372\/revisions\/379"}],"wp:attachment":[{"href":"https:\/\/jsp.valahia.ro\/ro\/wp-json\/wp\/v2\/media?parent=372"}],"curies":[{"name":"wp","href":"https:\/\/api.w.org\/{rel}","templated":true}]}}