{"id":372,"date":"2025-11-25T20:56:13","date_gmt":"2025-11-25T20:56:13","guid":{"rendered":"https:\/\/jsp.valahia.ro\/?page_id=372"},"modified":"2025-11-25T21:05:42","modified_gmt":"2025-11-25T21:05:42","slug":"about-jsp","status":"publish","type":"page","link":"https:\/\/jsp.valahia.ro\/pt\/about-jsp\/","title":{"rendered":"Sobre a JSP"},"content":{"rendered":"<div data-elementor-type=\"wp-page\" data-elementor-id=\"372\" class=\"elementor elementor-372\">\n\t\t\t\t<div class=\"elementor-element elementor-element-b1891a9 e-flex e-con-boxed e-con e-parent\" data-id=\"b1891a9\" data-element_type=\"container\" data-e-type=\"container\">\n\t\t\t\t\t<div class=\"e-con-inner\">\n\t\t\t\t<div class=\"elementor-element elementor-element-abe0881 elementor-widget elementor-widget-text-editor\" data-id=\"abe0881\" data-element_type=\"widget\" data-e-type=\"widget\" data-widget_type=\"text-editor.default\">\n\t\t\t\t\t\t\t\t\t<p><h4><strong>A bolsa de supervis\u00e3o KreativEU<\/strong><\/h4><p>\u00e9 uma plataforma de colabora\u00e7\u00e3o concebida para tornar a supervis\u00e3o acad\u00e9mica mais acess\u00edvel, internacional e centrada nos estudantes. <\/p>Re\u00fane acad\u00e9micos de todas as universidades parceiras da KreativEU que est\u00e3o dispostos a co-orientar teses e disserta\u00e7\u00f5es a todos os n\u00edveis - licenciatura, mestrado, doutoramento e p\u00f3s-doutoramento - criando uma rede que apoia a aprendizagem partilhada e a coopera\u00e7\u00e3o transfronteiri\u00e7a.<\/p>\n<h5><ul><li><span style=\"background-color: transparent;\">Porque \u00e9 que esta piscina existe?<\/span><\/li><\/ul><\/h5>\n<p>Os estudantes enfrentam frequentemente desafios para encontrar a orienta\u00e7\u00e3o acad\u00e9mica adequada, especialmente quando procuram perspectivas diversas ou conhecimentos internacionais. Os inqu\u00e9ritos realizados nas universidades europeias revelam que os estudantes valorizam:<br>Acompanhamento personalizado e adaptado aos seus objectivos acad\u00e9micos.<br>Oportunidades de mobilidade e de interc\u00e2mbio intercultural.<br>Acesso transparente e f\u00e1cil a supervisores qualificados.<\/p>\n<p>A Bolsa de Supervis\u00e3o responde a estas necessidades oferecendo uma base de dados centralizada e pesquis\u00e1vel que liga os estudantes a acad\u00e9micos empenhados no ensino colaborativo.<\/p>\n<h5><ul><li>O que pode fazer aqui<\/li><\/ul><\/h5>\n<p>Procure supervisores por institui\u00e7\u00e3o, \u00e1rea de especializa\u00e7\u00e3o, n\u00edvel de licenciatura ou nome.<br>Explore os perfis acad\u00e9micos que incluem interesses de investiga\u00e7\u00e3o, experi\u00eancia de ensino e disponibilidade de supervis\u00e3o.<br>Estabele\u00e7a contactos com acad\u00e9micos que partilham a sua vis\u00e3o educacional e que o podem orientar no processo de tese ou disserta\u00e7\u00e3o.<\/p>\n<h5><ul><li>Como funciona<\/li><\/ul><\/h5>\n<p>A plataforma \u00e9 simples e intuitiva:<br>Visite a p\u00e1gina inicial e utilize os filtros de pesquisa.<br>Procurar perfis de acad\u00e9micos nas institui\u00e7\u00f5es KreativEU.<br>Contacte os potenciais supervisores para come\u00e7ar a construir a sua parceria de co-supervis\u00e3o.<\/p>\n<h5><ul><li>Seguran\u00e7a e transpar\u00eancia<\/li><\/ul><\/h5>\n<p>Embora algumas informa\u00e7\u00f5es sejam sens\u00edveis e armazenadas de forma segura nos reposit\u00f3rios da Universidade Valahia de T\u00e2rgovi\u0219te e da Universidade Polit\u00e9cnica de Tomar, os detalhes acad\u00e9micos p\u00fablicos s\u00e3o publicados em https:\/\/jsp.valahia.ro para transpar\u00eancia e colabora\u00e7\u00e3o. Todo o tratamento de dados est\u00e1 em conformidade com os regulamentos do RGPD, garantindo a privacidade e a confian\u00e7a.<\/p><p><br><h5><ul><li>Uma comunidade em crescimento<\/li><\/ul><\/h5><\/p><p>A base de dados permanece aberta \u00e0 ades\u00e3o de novos acad\u00e9micos, assegurando uma expans\u00e3o e diversidade cont\u00ednuas. Trata-se de uma porta de entrada para a educa\u00e7\u00e3o integrada, em que os estudantes est\u00e3o no centro e a aprendizagem se torna uma responsabilidade partilhada para al\u00e9m das fronteiras.<\/p>\t\t\t\t\t\t\t\t<\/div>\n\t\t\t\t\t<\/div>\n\t\t\t\t<\/div>\n\t\t\t\t<\/div>","protected":false},"excerpt":{"rendered":"<p>The KreativEU Supervision Pool is a collaborative platform designed to make academic supervision more accessible, international, and student-focused. It brings together academics from all KreativEU partner universities who are willing to co-supervise theses and dissertations at every level\u2014Bachelor, Master, Doctoral, and Postdoctoral\u2014creating a network that supports shared learning and cross-border cooperation. Why This Pool Exists? [&hellip;]<\/p>\n","protected":false},"author":1,"featured_media":0,"parent":0,"menu_order":0,"comment_status":"closed","ping_status":"closed","template":"","meta":{"_acf_changed":false,"footnotes":""},"class_list":["post-372","page","type-page","status-publish","hentry"],"acf":[],"_links":{"self":[{"href":"https:\/\/jsp.valahia.ro\/pt\/wp-json\/wp\/v2\/pages\/372","targetHints":{"allow":["GET"]}}],"collection":[{"href":"https:\/\/jsp.valahia.ro\/pt\/wp-json\/wp\/v2\/pages"}],"about":[{"href":"https:\/\/jsp.valahia.ro\/pt\/wp-json\/wp\/v2\/types\/page"}],"author":[{"embeddable":true,"href":"https:\/\/jsp.valahia.ro\/pt\/wp-json\/wp\/v2\/users\/1"}],"replies":[{"embeddable":true,"href":"https:\/\/jsp.valahia.ro\/pt\/wp-json\/wp\/v2\/comments?post=372"}],"version-history":[{"count":5,"href":"https:\/\/jsp.valahia.ro\/pt\/wp-json\/wp\/v2\/pages\/372\/revisions"}],"predecessor-version":[{"id":379,"href":"https:\/\/jsp.valahia.ro\/pt\/wp-json\/wp\/v2\/pages\/372\/revisions\/379"}],"wp:attachment":[{"href":"https:\/\/jsp.valahia.ro\/pt\/wp-json\/wp\/v2\/media?parent=372"}],"curies":[{"name":"wp","href":"https:\/\/api.w.org\/{rel}","templated":true}]}}