{"id":372,"date":"2025-11-25T20:56:13","date_gmt":"2025-11-25T20:56:13","guid":{"rendered":"https:\/\/jsp.valahia.ro\/?page_id=372"},"modified":"2025-11-25T21:05:42","modified_gmt":"2025-11-25T21:05:42","slug":"about-jsp","status":"publish","type":"page","link":"https:\/\/jsp.valahia.ro\/pl\/about-jsp\/","title":{"rendered":"O JSP"},"content":{"rendered":"<div data-elementor-type=\"wp-page\" data-elementor-id=\"372\" class=\"elementor elementor-372\">\n\t\t\t\t<div class=\"elementor-element elementor-element-b1891a9 e-flex e-con-boxed e-con e-parent\" data-id=\"b1891a9\" data-element_type=\"container\" data-e-type=\"container\">\n\t\t\t\t\t<div class=\"e-con-inner\">\n\t\t\t\t<div class=\"elementor-element elementor-element-abe0881 elementor-widget elementor-widget-text-editor\" data-id=\"abe0881\" data-element_type=\"widget\" data-e-type=\"widget\" data-widget_type=\"text-editor.default\">\n\t\t\t\t\t\t\t\t\t<p><h4><strong>Pula nadzorcza KreativEU<\/strong><\/h4><p>to platforma wsp\u00f3\u0142pracy zaprojektowana w celu uczynienia nadzoru akademickiego bardziej dost\u0119pnym, mi\u0119dzynarodowym i skoncentrowanym na studentach. <\/p>Zrzesza pracownik\u00f3w akademickich ze wszystkich uniwersytet\u00f3w partnerskich KreativEU, kt\u00f3rzy s\u0105 gotowi do wsp\u00f3\u0142nadzorowania prac dyplomowych na ka\u017cdym poziomie - licencjackim, magisterskim, doktorskim i podoktorskim - tworz\u0105c sie\u0107, kt\u00f3ra wspiera wsp\u00f3lne uczenie si\u0119 i wsp\u00f3\u0142prac\u0119 transgraniczn\u0105.<\/p>\n<h5><ul><li><span style=\"background-color: transparent;\">Dlaczego ten basen istnieje?<\/span><\/li><\/ul><\/h5>\n<p>Studenci cz\u0119sto staj\u0105 przed wyzwaniami zwi\u0105zanymi ze znalezieniem odpowiedniego doradztwa akademickiego, zw\u0142aszcza gdy szukaj\u0105 r\u00f3\u017cnorodnych perspektyw lub mi\u0119dzynarodowej wiedzy specjalistycznej. Badania przeprowadzone na europejskich uniwersytetach pokazuj\u0105, \u017ce studenci ceni\u0105 sobie:<br>Spersonalizowany nadz\u00f3r dostosowany do ich cel\u00f3w akademickich.<br>Mo\u017cliwo\u015bci mobilno\u015bci i wymiany mi\u0119dzykulturowej.<br>Przejrzysty i \u0142atwy dost\u0119p do wykwalifikowanych prze\u0142o\u017conych.<\/p>\n<p>Supervision Pool odpowiada na te potrzeby, oferuj\u0105c scentralizowan\u0105, przeszukiwaln\u0105 baz\u0119 danych, kt\u00f3ra \u0142\u0105czy student\u00f3w z nauczycielami akademickimi zaanga\u017cowanymi we wsp\u00f3\u0142prac\u0119 edukacyjn\u0105.<\/p>\n<h5><ul><li>Co mo\u017cesz zrobi\u0107 tutaj<\/li><\/ul><\/h5>\n<p>Wyszukuj prze\u0142o\u017conych wed\u0142ug instytucji, obszaru specjalizacji, stopnia naukowego lub nazwiska.<br>Zapoznaj si\u0119 z profilami akademickimi, kt\u00f3re obejmuj\u0105 zainteresowania badawcze, do\u015bwiadczenie w nauczaniu i dost\u0119pno\u015b\u0107 nadzoru.<br>Nawi\u0105\u017c kontakt z pracownikami akademickimi, kt\u00f3rzy podzielaj\u0105 Twoj\u0105 wizj\u0119 edukacyjn\u0105 i mog\u0105 poprowadzi\u0107 Ci\u0119 przez proces pisania pracy dyplomowej lub rozprawy doktorskiej.<\/p>\n<h5><ul><li>Jak to dzia\u0142a<\/li><\/ul><\/h5>\n<p>Platforma jest prosta i intuicyjna:<br>Odwied\u017a stron\u0119 g\u0142\u00f3wn\u0105 i u\u017cyj filtr\u00f3w wyszukiwania.<br>Przegl\u0105daj profile pracownik\u00f3w akademickich w instytucjach KreativEU.<br>Skontaktuj si\u0119 z potencjalnymi superwizorami, aby rozpocz\u0105\u0107 budowanie partnerstwa w zakresie wsp\u00f3\u0142nadzoru.<\/p>\n<h5><ul><li>Bezpiecze\u0144stwo i przejrzysto\u015b\u0107<\/li><\/ul><\/h5>\n<p>Podczas gdy niekt\u00f3re informacje s\u0105 poufne i bezpiecznie przechowywane w repozytoriach Valahia University of T\u00e2rgovi\u0219te i Polytechnic University of Tomar, publiczne dane akademickie s\u0105 publikowane na stronie https:\/\/jsp.valahia.ro w celu zapewnienia przejrzysto\u015bci i wsp\u00f3\u0142pracy. Wszystkie operacje na danych s\u0105 zgodne z przepisami RODO, zapewniaj\u0105c prywatno\u015b\u0107 i zaufanie.<\/p><p><br><h5><ul><li>Rozwijaj\u0105ca si\u0119 spo\u0142eczno\u015b\u0107<\/li><\/ul><\/h5><\/p><p>Baza danych pozostaje otwarta dla nowych naukowc\u00f3w, zapewniaj\u0105c ci\u0105g\u0142\u0105 ekspansj\u0119 i r\u00f3\u017cnorodno\u015b\u0107. Jest to brama do zintegrowanej edukacji, w kt\u00f3rej studenci s\u0105 w centrum uwagi, a nauka staje si\u0119 wsp\u00f3ln\u0105 odpowiedzialno\u015bci\u0105 ponad granicami.<\/p>\t\t\t\t\t\t\t\t<\/div>\n\t\t\t\t\t<\/div>\n\t\t\t\t<\/div>\n\t\t\t\t<\/div>","protected":false},"excerpt":{"rendered":"<p>The KreativEU Supervision Pool is a collaborative platform designed to make academic supervision more accessible, international, and student-focused. It brings together academics from all KreativEU partner universities who are willing to co-supervise theses and dissertations at every level\u2014Bachelor, Master, Doctoral, and Postdoctoral\u2014creating a network that supports shared learning and cross-border cooperation. Why This Pool Exists? [&hellip;]<\/p>\n","protected":false},"author":1,"featured_media":0,"parent":0,"menu_order":0,"comment_status":"closed","ping_status":"closed","template":"","meta":{"_acf_changed":false,"footnotes":""},"class_list":["post-372","page","type-page","status-publish","hentry"],"acf":[],"_links":{"self":[{"href":"https:\/\/jsp.valahia.ro\/pl\/wp-json\/wp\/v2\/pages\/372","targetHints":{"allow":["GET"]}}],"collection":[{"href":"https:\/\/jsp.valahia.ro\/pl\/wp-json\/wp\/v2\/pages"}],"about":[{"href":"https:\/\/jsp.valahia.ro\/pl\/wp-json\/wp\/v2\/types\/page"}],"author":[{"embeddable":true,"href":"https:\/\/jsp.valahia.ro\/pl\/wp-json\/wp\/v2\/users\/1"}],"replies":[{"embeddable":true,"href":"https:\/\/jsp.valahia.ro\/pl\/wp-json\/wp\/v2\/comments?post=372"}],"version-history":[{"count":5,"href":"https:\/\/jsp.valahia.ro\/pl\/wp-json\/wp\/v2\/pages\/372\/revisions"}],"predecessor-version":[{"id":379,"href":"https:\/\/jsp.valahia.ro\/pl\/wp-json\/wp\/v2\/pages\/372\/revisions\/379"}],"wp:attachment":[{"href":"https:\/\/jsp.valahia.ro\/pl\/wp-json\/wp\/v2\/media?parent=372"}],"curies":[{"name":"wp","href":"https:\/\/api.w.org\/{rel}","templated":true}]}}