{"id":372,"date":"2025-11-25T20:56:13","date_gmt":"2025-11-25T20:56:13","guid":{"rendered":"https:\/\/jsp.valahia.ro\/?page_id=372"},"modified":"2025-11-25T21:05:42","modified_gmt":"2025-11-25T21:05:42","slug":"about-jsp","status":"publish","type":"page","link":"https:\/\/jsp.valahia.ro\/de\/about-jsp\/","title":{"rendered":"\u00dcber JSP"},"content":{"rendered":"<div data-elementor-type=\"wp-page\" data-elementor-id=\"372\" class=\"elementor elementor-372\">\n\t\t\t\t<div class=\"elementor-element elementor-element-b1891a9 e-flex e-con-boxed e-con e-parent\" data-id=\"b1891a9\" data-element_type=\"container\" data-e-type=\"container\">\n\t\t\t\t\t<div class=\"e-con-inner\">\n\t\t\t\t<div class=\"elementor-element elementor-element-abe0881 elementor-widget elementor-widget-text-editor\" data-id=\"abe0881\" data-element_type=\"widget\" data-e-type=\"widget\" data-widget_type=\"text-editor.default\">\n\t\t\t\t\t\t\t\t\t<p><h4><strong>Der KreativEU-Aufsichtspool<\/strong><\/h4><p>ist eine kollaborative Plattform, die die akademische Betreuung zug\u00e4nglicher, internationaler und studentenorientierter machen soll. <\/p>Es bringt Akademiker aus allen KreativEU-Partneruniversit\u00e4ten zusammen, die bereit sind, Diplomarbeiten und Dissertationen auf allen Ebenen - Bachelor, Master, Promotion und Postdoc - gemeinsam zu betreuen, und schafft so ein Netzwerk, das gemeinsames Lernen und grenz\u00fcberschreitende Zusammenarbeit unterst\u00fctzt.<\/p>\n<h5><ul><li><span style=\"background-color: transparent;\">Warum gibt es diesen Pool?<\/span><\/li><\/ul><\/h5>\n<p>Studierende stehen oft vor der Herausforderung, die richtige akademische Beratung zu finden, insbesondere wenn sie unterschiedliche Perspektiven oder internationales Fachwissen suchen. Erhebungen an europ\u00e4ischen Universit\u00e4ten zeigen, dass Studierende Wert darauf legen:<br>Pers\u00f6nliche Betreuung, die auf die akademischen Ziele des Sch\u00fclers zugeschnitten ist.<br>M\u00f6glichkeiten f\u00fcr Mobilit\u00e4t und interkulturellen Austausch.<br>Transparenter und einfacher Zugang zu qualifizierten Aufsichtspersonen.<\/p>\n<p>Der Supervision Pool reagiert auf diese Bed\u00fcrfnisse, indem er eine zentralisierte, durchsuchbare Datenbank anbietet, die Studierende mit Akademikern verbindet, die sich f\u00fcr eine gemeinsame Ausbildung einsetzen.<\/p>\n<h5><ul><li>Was Sie hier tun k\u00f6nnen<\/li><\/ul><\/h5>\n<p>Suchen Sie nach Betreuern nach Institution, Fachgebiet, Abschluss oder Name.<br>Informieren Sie sich \u00fcber akademische Profile, die Forschungsinteressen, Lehrerfahrung und Betreuungsm\u00f6glichkeiten umfassen.<br>Kn\u00fcpfen Sie Kontakte zu Akademikern, die Ihre p\u00e4dagogischen Vorstellungen teilen und Sie bei Ihrer Diplomarbeit oder Dissertation begleiten k\u00f6nnen.<\/p>\n<h5><ul><li>Wie es funktioniert<\/li><\/ul><\/h5>\n<p>Die Plattform ist einfach und intuitiv:<br>Besuchen Sie die Homepage und verwenden Sie die Suchfilter.<br>Durchsuchen Sie die Profile von Akademikern in KreativEU-Einrichtungen.<br>Nehmen Sie Kontakt zu potenziellen Aufsichtspersonen auf, um mit dem Aufbau einer Co-Supervision-Partnerschaft zu beginnen.<\/p>\n<h5><ul><li>Sicherheit und Transparenz<\/li><\/ul><\/h5>\n<p>W\u00e4hrend einige Informationen sensibel sind und sicher in den Repositorien der Valahia Universit\u00e4t von T\u00e2rgovi\u0219te und der Polytechnischen Universit\u00e4t von Tomar gespeichert werden, werden \u00f6ffentliche akademische Details auf https:\/\/jsp.valahia.ro f\u00fcr Transparenz und Zusammenarbeit ver\u00f6ffentlicht. Die gesamte Datenverarbeitung entspricht den GDPR-Vorschriften und gew\u00e4hrleistet Privatsph\u00e4re und Vertrauen.<\/p><p><br><h5><ul><li>Eine wachsende Gemeinschaft<\/li><\/ul><\/h5><\/p><p>Die Datenbank bleibt offen f\u00fcr die Aufnahme neuer Akademiker, um eine kontinuierliche Erweiterung und Vielfalt zu gew\u00e4hrleisten. Dies ist ein Tor zur integrierten Bildung, bei der die Studierenden im Mittelpunkt stehen und das Lernen zu einer gemeinsamen Verantwortung \u00fcber Grenzen hinweg wird.<\/p>\t\t\t\t\t\t\t\t<\/div>\n\t\t\t\t\t<\/div>\n\t\t\t\t<\/div>\n\t\t\t\t<\/div>","protected":false},"excerpt":{"rendered":"<p>The KreativEU Supervision Pool is a collaborative platform designed to make academic supervision more accessible, international, and student-focused. It brings together academics from all KreativEU partner universities who are willing to co-supervise theses and dissertations at every level\u2014Bachelor, Master, Doctoral, and Postdoctoral\u2014creating a network that supports shared learning and cross-border cooperation. Why This Pool Exists? [&hellip;]<\/p>\n","protected":false},"author":1,"featured_media":0,"parent":0,"menu_order":0,"comment_status":"closed","ping_status":"closed","template":"","meta":{"_acf_changed":false,"footnotes":""},"class_list":["post-372","page","type-page","status-publish","hentry"],"acf":[],"_links":{"self":[{"href":"https:\/\/jsp.valahia.ro\/de\/wp-json\/wp\/v2\/pages\/372","targetHints":{"allow":["GET"]}}],"collection":[{"href":"https:\/\/jsp.valahia.ro\/de\/wp-json\/wp\/v2\/pages"}],"about":[{"href":"https:\/\/jsp.valahia.ro\/de\/wp-json\/wp\/v2\/types\/page"}],"author":[{"embeddable":true,"href":"https:\/\/jsp.valahia.ro\/de\/wp-json\/wp\/v2\/users\/1"}],"replies":[{"embeddable":true,"href":"https:\/\/jsp.valahia.ro\/de\/wp-json\/wp\/v2\/comments?post=372"}],"version-history":[{"count":5,"href":"https:\/\/jsp.valahia.ro\/de\/wp-json\/wp\/v2\/pages\/372\/revisions"}],"predecessor-version":[{"id":379,"href":"https:\/\/jsp.valahia.ro\/de\/wp-json\/wp\/v2\/pages\/372\/revisions\/379"}],"wp:attachment":[{"href":"https:\/\/jsp.valahia.ro\/de\/wp-json\/wp\/v2\/media?parent=372"}],"curies":[{"name":"wp","href":"https:\/\/api.w.org\/{rel}","templated":true}]}}