{"id":372,"date":"2025-11-25T20:56:13","date_gmt":"2025-11-25T20:56:13","guid":{"rendered":"https:\/\/jsp.valahia.ro\/?page_id=372"},"modified":"2025-11-25T21:05:42","modified_gmt":"2025-11-25T21:05:42","slug":"about-jsp","status":"publish","type":"page","link":"https:\/\/jsp.valahia.ro\/cs\/about-jsp\/","title":{"rendered":"O spole\u010dnosti JSP"},"content":{"rendered":"<div data-elementor-type=\"wp-page\" data-elementor-id=\"372\" class=\"elementor elementor-372\">\n\t\t\t\t<div class=\"elementor-element elementor-element-b1891a9 e-flex e-con-boxed e-con e-parent\" data-id=\"b1891a9\" data-element_type=\"container\" data-e-type=\"container\">\n\t\t\t\t\t<div class=\"e-con-inner\">\n\t\t\t\t<div class=\"elementor-element elementor-element-abe0881 elementor-widget elementor-widget-text-editor\" data-id=\"abe0881\" data-element_type=\"widget\" data-e-type=\"widget\" data-widget_type=\"text-editor.default\">\n\t\t\t\t\t\t\t\t\t<p><h4><strong>Skupina dohledu KreativEU<\/strong><\/h4><p>je platforma pro spolupr\u00e1ci, jej\u00edm\u017e c\u00edlem je zp\u0159\u00edstupnit akademick\u00fd dohled na mezin\u00e1rodn\u00ed \u00farovni a zam\u011b\u0159it se na studenty. <\/p>Sdru\u017euje akademick\u00e9 pracovn\u00edky ze v\u0161ech partnersk\u00fdch univerzit KreativEU, kte\u0159\u00ed jsou ochotni spole\u010dn\u011b v\u00e9st diplomov\u00e9 a diserta\u010dn\u00ed pr\u00e1ce na v\u0161ech \u00farovn\u00edch - bakal\u00e1\u0159sk\u00e9, magistersk\u00e9, doktorsk\u00e9 i postdoktorsk\u00e9 - a vytv\u00e1\u0159\u00ed tak s\u00ed\u0165, kter\u00e1 podporuje sd\u00edlen\u00e9 u\u010den\u00ed a p\u0159eshrani\u010dn\u00ed spolupr\u00e1ci.<\/p>\n<h5><ul><li><span style=\"background-color: transparent;\">Pro\u010d tento baz\u00e9n existuje?<\/span><\/li><\/ul><\/h5>\n<p>Studenti se \u010dasto pot\u00fdkaj\u00ed s probl\u00e9my p\u0159i hled\u00e1n\u00ed spr\u00e1vn\u00e9ho akademick\u00e9ho veden\u00ed, zejm\u00e9na pokud hledaj\u00ed r\u016fzn\u00e9 perspektivy nebo mezin\u00e1rodn\u00ed odborn\u00e9 znalosti. Pr\u016fzkumy na evropsk\u00fdch univerzit\u00e1ch ukazuj\u00ed, \u017ee studenti oce\u0148uj\u00ed:<br>Individu\u00e1ln\u00ed dohled p\u0159izp\u016fsoben\u00fd jejich studijn\u00edm c\u00edl\u016fm.<br>Mo\u017enosti mobility a mezikulturn\u00ed v\u00fdm\u011bny.<br>Transparentn\u00ed a snadn\u00fd p\u0159\u00edstup ke kvalifikovan\u00fdm vedouc\u00edm pracovn\u00edk\u016fm.<\/p>\n<p>Supervision Pool reaguje na tyto pot\u0159eby t\u00edm, \u017ee nab\u00edz\u00ed centralizovanou datab\u00e1zi s mo\u017enost\u00ed vyhled\u00e1v\u00e1n\u00ed, kter\u00e1 spojuje studenty s akademick\u00fdmi pracovn\u00edky, kte\u0159\u00ed se v\u011bnuj\u00ed spole\u010dn\u00e9mu vzd\u011bl\u00e1v\u00e1n\u00ed.<\/p>\n<h5><ul><li>Co zde m\u016f\u017eete ud\u011blat<\/li><\/ul><\/h5>\n<p>Vyhledejte vedouc\u00ed pracovn\u00edky podle instituce, odborn\u00e9 oblasti, stupn\u011b vzd\u011bl\u00e1n\u00ed nebo jm\u00e9na.<br>Prozkoumejte akademick\u00e9 profily, kter\u00e9 zahrnuj\u00ed v\u00fdzkumn\u00e9 z\u00e1jmy, zku\u0161enosti s v\u00fdukou a mo\u017enosti dohledu.<br>Spojte se s akademick\u00fdmi pracovn\u00edky, kte\u0159\u00ed sd\u00edlej\u00ed va\u0161e vzd\u011bl\u00e1vac\u00ed vize a mohou v\u00e1s prov\u00e9st procesem psan\u00ed diplomov\u00e9 nebo diserta\u010dn\u00ed pr\u00e1ce.<\/p>\n<h5><ul><li>Jak to funguje<\/li><\/ul><\/h5>\n<p>Platforma je jednoduch\u00e1 a intuitivn\u00ed:<br>Nav\u0161tivte domovskou str\u00e1nku a pou\u017eijte vyhled\u00e1vac\u00ed filtry.<br>Prohl\u00e9dn\u011bte si profily akademick\u00fdch pracovn\u00edk\u016f v instituc\u00edch KreativEU.<br>Kontaktujte potenci\u00e1ln\u00ed supervizory a za\u010dn\u011bte budovat partnerstv\u00ed v r\u00e1mci spole\u010dn\u00e9 supervize.<\/p>\n<h5><ul><li>Bezpe\u010dnost a transparentnost<\/li><\/ul><\/h5>\n<p>Zat\u00edmco n\u011bkter\u00e9 informace jsou citliv\u00e9 a bezpe\u010dn\u011b ulo\u017een\u00e9 v repozit\u00e1\u0159\u00edch Vala\u0161sk\u00e9 univerzity v T\u00e2rgovi\u0219te a Polytechnick\u00e9 univerzity v Tomaru, ve\u0159ejn\u00e9 akademick\u00e9 \u00fadaje jsou zve\u0159ej\u0148ov\u00e1ny na https:\/\/jsp.valahia.ro za \u00fa\u010delem transparentnosti a spolupr\u00e1ce. Ve\u0161ker\u00e9 nakl\u00e1d\u00e1n\u00ed s daty je v souladu s p\u0159edpisy GDPR, co\u017e zaji\u0161\u0165uje soukrom\u00ed a d\u016fv\u011bryhodnost.<\/p><p><br><h5><ul><li>Rostouc\u00ed komunita<\/li><\/ul><\/h5><\/p><p>Datab\u00e1ze je i nad\u00e1le otev\u0159en\u00e1 pro nov\u00e9 akademick\u00e9 pracovn\u00edky, co\u017e zaji\u0161\u0165uje jej\u00ed neust\u00e1l\u00e9 roz\u0161i\u0159ov\u00e1n\u00ed a rozmanitost. Jedn\u00e1 se o br\u00e1nu k integrovan\u00e9mu vzd\u011bl\u00e1v\u00e1n\u00ed, kde jsou studenti v centru pozornosti a u\u010den\u00ed se st\u00e1v\u00e1 spole\u010dnou odpov\u011bdnost\u00ed p\u0159esahuj\u00edc\u00ed hranice.<\/p>\t\t\t\t\t\t\t\t<\/div>\n\t\t\t\t\t<\/div>\n\t\t\t\t<\/div>\n\t\t\t\t<\/div>","protected":false},"excerpt":{"rendered":"<p>The KreativEU Supervision Pool is a collaborative platform designed to make academic supervision more accessible, international, and student-focused. It brings together academics from all KreativEU partner universities who are willing to co-supervise theses and dissertations at every level\u2014Bachelor, Master, Doctoral, and Postdoctoral\u2014creating a network that supports shared learning and cross-border cooperation. Why This Pool Exists? [&hellip;]<\/p>\n","protected":false},"author":1,"featured_media":0,"parent":0,"menu_order":0,"comment_status":"closed","ping_status":"closed","template":"","meta":{"_acf_changed":false,"footnotes":""},"class_list":["post-372","page","type-page","status-publish","hentry"],"acf":[],"_links":{"self":[{"href":"https:\/\/jsp.valahia.ro\/cs\/wp-json\/wp\/v2\/pages\/372","targetHints":{"allow":["GET"]}}],"collection":[{"href":"https:\/\/jsp.valahia.ro\/cs\/wp-json\/wp\/v2\/pages"}],"about":[{"href":"https:\/\/jsp.valahia.ro\/cs\/wp-json\/wp\/v2\/types\/page"}],"author":[{"embeddable":true,"href":"https:\/\/jsp.valahia.ro\/cs\/wp-json\/wp\/v2\/users\/1"}],"replies":[{"embeddable":true,"href":"https:\/\/jsp.valahia.ro\/cs\/wp-json\/wp\/v2\/comments?post=372"}],"version-history":[{"count":5,"href":"https:\/\/jsp.valahia.ro\/cs\/wp-json\/wp\/v2\/pages\/372\/revisions"}],"predecessor-version":[{"id":379,"href":"https:\/\/jsp.valahia.ro\/cs\/wp-json\/wp\/v2\/pages\/372\/revisions\/379"}],"wp:attachment":[{"href":"https:\/\/jsp.valahia.ro\/cs\/wp-json\/wp\/v2\/media?parent=372"}],"curies":[{"name":"wp","href":"https:\/\/api.w.org\/{rel}","templated":true}]}}